{"id":6204,"date":"2023-09-13T11:28:12","date_gmt":"2023-09-13T09:28:12","guid":{"rendered":"https:\/\/www.hypnoseauvergne.com\/?page_id=6204"},"modified":"2024-08-30T11:07:02","modified_gmt":"2024-08-30T09:07:02","slug":"politique-de-confidentialite-2","status":"publish","type":"page","link":"https:\/\/www.hypnoseauvergne.com\/index.php\/politique-de-confidentialite-2\/","title":{"rendered":"Mentions l\u00e9gales"},"content":{"rendered":"\t\t<div data-elementor-type=\"wp-page\" data-elementor-id=\"6204\" class=\"elementor elementor-6204\">\n\t\t\t\t\t\t<section class=\"elementor-section elementor-top-section elementor-element elementor-element-23c7960 elementor-section-boxed elementor-section-height-default elementor-section-height-default\" data-id=\"23c7960\" data-element_type=\"section\">\n\t\t\t\t\t\t<div class=\"elementor-container elementor-column-gap-default\">\n\t\t\t\t\t<div class=\"elementor-column elementor-col-100 elementor-top-column elementor-element elementor-element-7398cf6\" data-id=\"7398cf6\" data-element_type=\"column\">\n\t\t\t<div class=\"elementor-widget-wrap elementor-element-populated\">\n\t\t\t\t\t\t<div class=\"elementor-element elementor-element-698e0fc elementor-widget elementor-widget-heading\" data-id=\"698e0fc\" data-element_type=\"widget\" data-widget_type=\"heading.default\">\n\t\t\t\t<div class=\"elementor-widget-container\">\n\t\t\t<style>\/*! elementor - v3.21.0 - 26-05-2024 *\/\n.elementor-heading-title{padding:0;margin:0;line-height:1}.elementor-widget-heading .elementor-heading-title[class*=elementor-size-]>a{color:inherit;font-size:inherit;line-height:inherit}.elementor-widget-heading .elementor-heading-title.elementor-size-small{font-size:15px}.elementor-widget-heading .elementor-heading-title.elementor-size-medium{font-size:19px}.elementor-widget-heading .elementor-heading-title.elementor-size-large{font-size:29px}.elementor-widget-heading .elementor-heading-title.elementor-size-xl{font-size:39px}.elementor-widget-heading .elementor-heading-title.elementor-size-xxl{font-size:59px}<\/style><h2 class=\"elementor-heading-title elementor-size-default\">Mise \u00e0 jour le 17 juillet 2024<\/h2>\t\t<\/div>\n\t\t\t\t<\/div>\n\t\t\t\t\t<\/div>\n\t\t<\/div>\n\t\t\t\t\t<\/div>\n\t\t<\/section>\n\t\t\t\t<section class=\"elementor-section elementor-top-section elementor-element elementor-element-d17e159 elementor-section-boxed elementor-section-height-default elementor-section-height-default\" data-id=\"d17e159\" data-element_type=\"section\">\n\t\t\t\t\t\t<div class=\"elementor-container elementor-column-gap-default\">\n\t\t\t\t\t<div class=\"elementor-column elementor-col-100 elementor-top-column elementor-element elementor-element-0e5ffbc\" data-id=\"0e5ffbc\" data-element_type=\"column\">\n\t\t\t<div class=\"elementor-widget-wrap elementor-element-populated\">\n\t\t\t\t\t\t<div class=\"elementor-element elementor-element-7c909f3 elementor-align-right elementor-widget elementor-widget-button\" data-id=\"7c909f3\" data-element_type=\"widget\" data-widget_type=\"button.default\">\n\t\t\t\t<div class=\"elementor-widget-container\">\n\t\t\t\t\t<div class=\"elementor-button-wrapper\">\n\t\t\t<a class=\"elementor-button elementor-button-link elementor-size-sm\" href=\"https:\/\/www.hypnoseauvergne.com\/wp-content\/uploads\/2024\/07\/CGV-2024.pdf\">\n\t\t\t\t\t\t<span class=\"elementor-button-content-wrapper\">\n\t\t\t\t\t\t\t\t\t<span class=\"elementor-button-text\">T\u00e9l\u00e9charger les CGV<\/span>\n\t\t\t\t\t<\/span>\n\t\t\t\t\t<\/a>\n\t\t<\/div>\n\t\t\t\t<\/div>\n\t\t\t\t<\/div>\n\t\t\t\t\t<\/div>\n\t\t<\/div>\n\t\t\t\t\t<\/div>\n\t\t<\/section>\n\t\t\t\t<section class=\"elementor-section elementor-top-section elementor-element elementor-element-9630025 elementor-section-boxed elementor-section-height-default elementor-section-height-default\" data-id=\"9630025\" data-element_type=\"section\">\n\t\t\t\t\t\t<div class=\"elementor-container elementor-column-gap-default\">\n\t\t\t\t\t<div class=\"elementor-column elementor-col-100 elementor-top-column elementor-element elementor-element-aea0722\" data-id=\"aea0722\" data-element_type=\"column\">\n\t\t\t<div class=\"elementor-widget-wrap elementor-element-populated\">\n\t\t\t\t\t\t<div class=\"elementor-element elementor-element-e16fb52 elementor-align-right elementor-widget elementor-widget-button\" data-id=\"e16fb52\" data-element_type=\"widget\" data-widget_type=\"button.default\">\n\t\t\t\t<div class=\"elementor-widget-container\">\n\t\t\t\t\t<div class=\"elementor-button-wrapper\">\n\t\t\t<a class=\"elementor-button elementor-button-link elementor-size-sm\" href=\"https:\/\/www.hypnoseauvergne.com\/wp-content\/uploads\/2024\/07\/reglement-interieur-Formation-presentielle-et-Synchrone-17-7-24.pdf\">\n\t\t\t\t\t\t<span class=\"elementor-button-content-wrapper\">\n\t\t\t\t\t\t\t\t\t<span class=\"elementor-button-text\">T\u00e9l\u00e9charger le r\u00e8glement int\u00e9rieur<\/span>\n\t\t\t\t\t<\/span>\n\t\t\t\t\t<\/a>\n\t\t<\/div>\n\t\t\t\t<\/div>\n\t\t\t\t<\/div>\n\t\t\t\t\t<\/div>\n\t\t<\/div>\n\t\t\t\t\t<\/div>\n\t\t<\/section>\n\t\t\t\t<section class=\"elementor-section elementor-top-section elementor-element elementor-element-8ab3e2e elementor-section-boxed elementor-section-height-default elementor-section-height-default\" data-id=\"8ab3e2e\" data-element_type=\"section\">\n\t\t\t\t\t\t<div class=\"elementor-container elementor-column-gap-default\">\n\t\t\t\t\t<div class=\"elementor-column elementor-col-100 elementor-top-column elementor-element elementor-element-4c5616c\" data-id=\"4c5616c\" data-element_type=\"column\">\n\t\t\t<div class=\"elementor-widget-wrap elementor-element-populated\">\n\t\t\t\t\t\t<div class=\"elementor-element elementor-element-1a38a91 elementor-widget elementor-widget-heading\" data-id=\"1a38a91\" data-element_type=\"widget\" data-widget_type=\"heading.default\">\n\t\t\t\t<div class=\"elementor-widget-container\">\n\t\t\t<h2 class=\"elementor-heading-title elementor-size-default\">Mentions l\u00e9gales et politique de confidentialit\u00e9<\/h2>\t\t<\/div>\n\t\t\t\t<\/div>\n\t\t\t\t\t<\/div>\n\t\t<\/div>\n\t\t\t\t\t<\/div>\n\t\t<\/section>\n\t\t\t\t<section class=\"elementor-section elementor-top-section elementor-element elementor-element-797872c6 elementor-section-boxed elementor-section-height-default elementor-section-height-default\" data-id=\"797872c6\" data-element_type=\"section\">\n\t\t\t\t\t\t<div class=\"elementor-container elementor-column-gap-default\">\n\t\t\t\t\t<div class=\"elementor-column elementor-col-100 elementor-top-column elementor-element elementor-element-7bb9be72\" data-id=\"7bb9be72\" data-element_type=\"column\">\n\t\t\t<div class=\"elementor-widget-wrap elementor-element-populated\">\n\t\t\t\t\t\t<div class=\"elementor-element elementor-element-1599dac0 elementor-widget elementor-widget-text-editor\" data-id=\"1599dac0\" data-element_type=\"widget\" data-widget_type=\"text-editor.default\">\n\t\t\t\t<div class=\"elementor-widget-container\">\n\t\t\t<style>\/*! elementor - v3.21.0 - 26-05-2024 *\/\n.elementor-widget-text-editor.elementor-drop-cap-view-stacked .elementor-drop-cap{background-color:#69727d;color:#fff}.elementor-widget-text-editor.elementor-drop-cap-view-framed .elementor-drop-cap{color:#69727d;border:3px solid;background-color:transparent}.elementor-widget-text-editor:not(.elementor-drop-cap-view-default) .elementor-drop-cap{margin-top:8px}.elementor-widget-text-editor:not(.elementor-drop-cap-view-default) .elementor-drop-cap-letter{width:1em;height:1em}.elementor-widget-text-editor .elementor-drop-cap{float:left;text-align:center;line-height:1;font-size:50px}.elementor-widget-text-editor .elementor-drop-cap-letter{display:inline-block}<\/style>\t\t\t\t<!-- wp:heading -->\n<h2>Qui sommes-nous\u00a0?<\/h2>\n<!-- \/wp:heading --><!-- wp:paragraph -->\n<p>Notre site : https:\/\/www.hypnoseauvergne.com a pour objectif de pr\u00e9senter les formations de HAURA. Il s&rsquo;adresse aux professionnels de sant\u00e9 et de la relation d&rsquo;aide qui souhaitent acqu\u00e9rir ou compl\u00e9ter leur approche th\u00e9rapeutique.<\/p>\n<!-- \/wp:paragraph --><!-- wp:heading -->\n<h2>R\u00e8gles d&rsquo;utilisation du site<\/h2>\n<p>Les renseignements publi\u00e9s sur notre site internet : www.hypnoseauvergne.com, sont donn\u00e9s seulement \u00e0 titre d&rsquo;information et ne sont aucunement destin\u00e9s \u00e0 se substituer \u00e0 l&rsquo;avis de votre m\u00e9decin. En cas de malaise, de maladie, de trouble psychologique ou tout autre \u00e9tat pathologique, consultez d&rsquo;abord votre m\u00e9decin ou un professionnel de la sant\u00e9 en mesure d&rsquo;\u00e9valuer correctement votre \u00e9tat de sant\u00e9.<\/p>\n<p>La SARL HAURA :<\/p>\n<ul>\n<li>N&rsquo;assume aucune responsabilit\u00e9 quant aux pr\u00e9judices qui pourraient survenir suite aux contacts offerts ou tout autre proposition de quelque nature que ce soit,<\/li>\n<li>Ne saurait \u00eatre tenue responsable des achats ou des paiements r\u00e9alis\u00e9s sur les sites marchands avec lesquels nous avons des liens de renvoi,<\/li>\n<li>n&rsquo;accepte les liens ext\u00e9rieurs que sous r\u00e9serve et apr\u00e8s acceptation de sa part.<\/li>\n<\/ul>\n<p><em><strong>VOUS RECONNAISSEZ avoir pris connaissance de ces r\u00e8gles d&rsquo;utilisation et consentez \u00e0 ses modalit\u00e9s, dans le cas contraire, n&rsquo;utilisez pas ce site<\/strong><\/em>.<\/p>\n<p>La SARL HAURA est inscrite au registre du commerce et des soci\u00e9t\u00e9s sous le num\u00e9ro de SIRET : 840 134 522 00019. Le si\u00e8ge social est situ\u00e9 : 21 Rue de la Varenne 63122 Ceyrat, France<\/p>\n<p>Propri\u00e9t\u00e9 intellectuelle : les textes, images, sons et tout autre \u00e9l\u00e9ment composant le site www.hypnoseauvergne.com, ainsi que les informations et donn\u00e9es sont la propri\u00e9t\u00e9 exclusive de la SARL HAURA. L&rsquo;int\u00e9gralit\u00e9 du site www.hypnoseauvergne.com rel\u00e8ve de la l\u00e9gislation internationale sur le droit d&rsquo;auteur et la propri\u00e9t\u00e9 intellectuelle. Toute reproduction, m\u00eame en partie, est formellement interdite, sauf autorisation expresse de la SARL HAURA. L&rsquo;utilisation de robots ou programmes informatiques destin\u00e9s \u00e0 extraire des informations sur le site www.hypnoseauvergne.com est formellement interdite. Toute copie, m\u00eame partielle, de quelque \u00e9l\u00e9ment que ce soit de ce site pourra faire l&rsquo;objet de poursuites judiciaires.<\/p>\n<p>N\u00e9anmoins, la reproduction d&rsquo;informations \u00e0 partir du site sur un support papier est autoris\u00e9e, sous r\u00e9serve de respecter les conditions suivantes :<\/p>\n<ul>\n<li>usage priv\u00e9 et personnel &#8211; Respect\u00a0 de l&rsquo;int\u00e9grit\u00e9 des documents reproduits (pas de modification, ni alt\u00e9ration d&rsquo;aucune sorte)<\/li>\n<li>citation claire et lisible de la source sous la forme suivante \u00ab\u00a0Source : HAURA &#8211; Droits de reproduction r\u00e9serv\u00e9s et strictement limit\u00e9s\u00a0\u00bb.<\/li>\n<\/ul>\n<h2>Responsabilit\u00e9s<\/h2>\n<p>La SARL HAURA d\u00e9cline toute responsabilit\u00e9 relative au contenu des sites internet vers lesquels des liens pourraient renvoyer depuis le site www.hypnoseauvergne.com.<\/p>\n<p>D&rsquo;une mani\u00e8re g\u00e9n\u00e9rale, les articles mentionn\u00e9s sur www.hypnoseauvergne.com n&rsquo;engagent que la responsabilit\u00e9 de leurs auteurs.<\/p>\n<p>La SARL HAURA d\u00e9cline toute responsabilit\u00e9 concernant les erreurs ou omissions involontaires que pourraient comporter le site www.hypnoseauvergne.com, et ne peut \u00eatre tenu pour responsable d&rsquo;un quelconque dommage direct ou indirect, quel qu&rsquo;en soit la nature, d\u00e9coulant de son utilisation. A ce titre, veuillez imp\u00e9rativement lire les r\u00e8gles d&rsquo;utilisation de ce site avant de l&rsquo;utiliser.<\/p>\n<h2>Protection de vos donn\u00e9es<\/h2>\n<p>L&rsquo;utilisateur de ce site est inform\u00e9 que, conform\u00e9ment \u00e0 l&rsquo;article 27 de la loi informatique et libert\u00e9s du 6 janvier 1978, les informations communiqu\u00e9es par l&rsquo;utilisateur du fait des formulaires pr\u00e9sents sur le site, sont n\u00e9cessaires pour r\u00e9pondre \u00e0 sa demande et sont exclusivement destin\u00e9es \u00e0 la SARL HAURA ou ses partenaires, responsables du traitement, \u00e0 des fins de gestion administrative et commerciale. Ces partenaires sont \u00e9galement soumis \u00e0 la confidentialit\u00e9.<\/p>\n<p>Vous disposez d&rsquo;un droit d&rsquo;acc\u00e8s, de modification, de rectification et de suppression des donn\u00e9es qui vous concernent (article 34 de la loi \u00ab\u00a0Informatique et libert\u00e9s\u00a0\u00bb du 6 janvier 1978). Pour exercer ce droit, adressez votre demande par courrier \u00e0 : HAURA, 21 Rue de la Varenne 63122 Ceyrat.<\/p>\n<p>La collecte, le traitement et l&rsquo;utilisation des donn\u00e9es personnelles \u00e0 indiquer sur le formulaire d&rsquo;inscription \u00e0 une formation\u00a0 par la SARL HAURA, ne sont effectu\u00e9s qu&rsquo;\u00e0 des fins justifiant et permettant l&rsquo;application de nos services.<\/p>\n<p>La SARL HAURA utilise des cookies pour observer les flux sur sont site www.hypnoseauvergne.com. Ceci dans le but d&rsquo;am\u00e9liorer le contenu et faciliter l&rsquo;acc\u00e8s aux informations les plus consult\u00e9es par nos internautes.<\/p>\n<p>Aucune information personnelle n&rsquo;est collect\u00e9e \u00e0 votre insu. Aucune information personnelle n&rsquo;est c\u00e9d\u00e9e \u00e0 des tiers.<\/p>\n<h2>Publicit\u00e9<\/h2>\n<p>Le site www.hypnoseauvergne.com n&rsquo;h\u00e9berge aucune publicit\u00e9<\/p>\n<h2>Financement et \u00e9diteur du site<\/h2>\n<p>Le financement du site ainsi que sa conception est propre \u00e0 la SARL HAURA.<\/p>\n<h2>Direction de la publication<\/h2>\n<p>R\u00e9gis Dumas, m\u00e9decin g\u00e9n\u00e9raliste, responsable p\u00e9dagogique et co-g\u00e9rant de la SARL HAURA<\/p>\n<p>Isabelle Pr\u00e9vot Combrisson, responsable administrative et co-g\u00e9rante de la SARL HAURA.<\/p>\n<!-- \/wp:heading --><!-- wp:paragraph -->\n<h2>Cr\u00e9ation de liens vers ce site<\/h2>\n<p>HAURA autorise la mise en place de liens hypertextes redirigeant vers ses pages, sous r\u00e9serve :<\/p>\n<ul>\n<li>que ces liens ne soient pas cr\u00e9\u00e9s en utilisant la technique du \u00ab\u00a0lien profond\u00a0\u00bb et par cons\u00e9quent que l&rsquo;activation du lien ne puisse laisser aucun doute sur l&rsquo;adresse du site visit\u00e9 et qu&rsquo;elle s&rsquo;affiche dans une fen\u00eatre du navigateur ind\u00e9pendantes de la fen\u00eatre d&rsquo;origine,<\/li>\n<li>que ces liens soient sans relation avec un quelconque site internet diffusant des informations \u00e0 caract\u00e8re : discriminatoire, raciste, pornographique, x\u00e9nophobe, p\u00e9dophile, ou pouvant, d&rsquo;une fa\u00e7on g\u00e9n\u00e9rale, porter atteinte \u00e0 la morale ou au bonnes moeurs.<\/li>\n<\/ul>\n<!-- \/wp:paragraph -->\t\t\t\t\t\t<\/div>\n\t\t\t\t<\/div>\n\t\t\t\t\t<\/div>\n\t\t<\/div>\n\t\t\t\t\t<\/div>\n\t\t<\/section>\n\t\t\t\t<\/div>\n\t\t","protected":false},"excerpt":{"rendered":"<p>Mise \u00e0 jour le 17 juillet 2024 T\u00e9l\u00e9charger les CGV T\u00e9l\u00e9charger le r\u00e8glement int\u00e9rieur Mentions l\u00e9gales et politique de confidentialit\u00e9 Qui sommes-nous\u00a0? Notre site : https:\/\/www.hypnoseauvergne.com a pour objectif de pr\u00e9senter les formations de HAURA. Il s&rsquo;adresse aux professionnels de sant\u00e9 et de la relation d&rsquo;aide qui souhaitent acqu\u00e9rir ou compl\u00e9ter leur approche th\u00e9rapeutique. R\u00e8gles [&hellip;]<\/p>\n","protected":false},"author":1,"featured_media":0,"parent":0,"menu_order":0,"comment_status":"closed","ping_status":"closed","template":"","meta":{"footnotes":""},"class_list":["post-6204","page","type-page","status-publish","hentry","entry"],"_links":{"self":[{"href":"https:\/\/www.hypnoseauvergne.com\/index.php\/wp-json\/wp\/v2\/pages\/6204","targetHints":{"allow":["GET"]}}],"collection":[{"href":"https:\/\/www.hypnoseauvergne.com\/index.php\/wp-json\/wp\/v2\/pages"}],"about":[{"href":"https:\/\/www.hypnoseauvergne.com\/index.php\/wp-json\/wp\/v2\/types\/page"}],"author":[{"embeddable":true,"href":"https:\/\/www.hypnoseauvergne.com\/index.php\/wp-json\/wp\/v2\/users\/1"}],"replies":[{"embeddable":true,"href":"https:\/\/www.hypnoseauvergne.com\/index.php\/wp-json\/wp\/v2\/comments?post=6204"}],"version-history":[{"count":3,"href":"https:\/\/www.hypnoseauvergne.com\/index.php\/wp-json\/wp\/v2\/pages\/6204\/revisions"}],"predecessor-version":[{"id":16399,"href":"https:\/\/www.hypnoseauvergne.com\/index.php\/wp-json\/wp\/v2\/pages\/6204\/revisions\/16399"}],"wp:attachment":[{"href":"https:\/\/www.hypnoseauvergne.com\/index.php\/wp-json\/wp\/v2\/media?parent=6204"}],"curies":[{"name":"wp","href":"https:\/\/api.w.org\/{rel}","templated":true}]}}